{"id":22,"date":"2017-11-02T16:08:52","date_gmt":"2017-11-02T15:08:52","guid":{"rendered":"http:\/\/lafermelheureux.fr\/?page_id=22"},"modified":"2025-02-19T15:54:05","modified_gmt":"2025-02-19T14:54:05","slug":"lanniversaire","status":"publish","type":"page","link":"https:\/\/lafermelheureux.fr\/index.php\/lanniversaire\/","title":{"rendered":"Les anniversaires"},"content":{"rendered":"\t\t<div data-elementor-type=\"wp-page\" data-elementor-id=\"22\" class=\"elementor elementor-22\">\n\t\t\t\t\t\t<section class=\"elementor-section elementor-top-section elementor-element elementor-element-0228a07 elementor-section-boxed elementor-section-height-default elementor-section-height-default\" data-id=\"0228a07\" data-element_type=\"section\">\n\t\t\t\t\t\t<div class=\"elementor-container elementor-column-gap-default\">\n\t\t\t\t\t<div class=\"elementor-column elementor-col-100 elementor-top-column elementor-element elementor-element-a458a63\" data-id=\"a458a63\" data-element_type=\"column\">\n\t\t\t<div class=\"elementor-widget-wrap elementor-element-populated\">\n\t\t\t\t\t\t<div class=\"elementor-element elementor-element-5f487e7 elementor-widget elementor-widget-text-editor\" data-id=\"5f487e7\" data-element_type=\"widget\" data-widget_type=\"text-editor.default\">\n\t\t\t\t<div class=\"elementor-widget-container\">\n\t\t\t\t\t\t\t\t\t<h2><span style=\"color: #3366ff;\"><em><img decoding=\"async\" class=\" wp-image-192 alignright\" src=\"http:\/\/lafermelheureux.fr\/wp-content\/uploads\/2018\/11\/lapin.jpg\" alt=\"\" width=\"129\" height=\"182\" srcset=\"https:\/\/lafermelheureux.fr\/wp-content\/uploads\/2018\/11\/lapin.jpg 441w, https:\/\/lafermelheureux.fr\/wp-content\/uploads\/2018\/11\/lapin-213x300.jpg 213w\" sizes=\"(max-width: 129px) 100vw, 129px\" \/><img decoding=\"async\" class=\"size-full wp-image-187 alignleft\" src=\"http:\/\/lafermelheureux.fr\/wp-content\/uploads\/2018\/11\/Vache.jpg\" alt=\"\" width=\"113\" height=\"183\" srcset=\"https:\/\/lafermelheureux.fr\/wp-content\/uploads\/2018\/11\/Vache.jpg 429w, https:\/\/lafermelheureux.fr\/wp-content\/uploads\/2018\/11\/Vache-185x300.jpg 185w\" sizes=\"(max-width: 113px) 100vw, 113px\" \/><\/em><\/span><\/h2><h2>\u00a0<\/h2><h2><span style=\"color: #0000ff;\"><em><strong>Venez d\u00e9couvrir la vie de la ferme toute l&#8217;ann\u00e9e en f\u00eatant l\u2019anniversaire de votre enfant.<\/strong><\/em><\/span><\/h2><h2 style=\"text-align: center;\"><span style=\"color: #0000ff;\"><strong><em> Il pourra, avec ses amis, devenir de vrais petits fermiers.<\/em><\/strong><\/span><\/h2>\t\t\t\t\t\t\t\t<\/div>\n\t\t\t\t<\/div>\n\t\t\t\t\t<\/div>\n\t\t<\/div>\n\t\t\t\t\t<\/div>\n\t\t<\/section>\n\t\t\t\t<section class=\"elementor-section elementor-top-section elementor-element elementor-element-74fb7a9 elementor-section-boxed elementor-section-height-default elementor-section-height-default\" data-id=\"74fb7a9\" data-element_type=\"section\" data-settings=\"{&quot;background_background&quot;:&quot;classic&quot;}\">\n\t\t\t\t\t\t<div class=\"elementor-container elementor-column-gap-default\">\n\t\t\t\t\t<div class=\"elementor-column elementor-col-100 elementor-top-column elementor-element elementor-element-df8ed38\" data-id=\"df8ed38\" data-element_type=\"column\">\n\t\t\t<div class=\"elementor-widget-wrap elementor-element-populated\">\n\t\t\t\t\t\t<div class=\"elementor-element elementor-element-e01efc6 elementor-widget elementor-widget-accordion\" data-id=\"e01efc6\" data-element_type=\"widget\" data-widget_type=\"accordion.default\">\n\t\t\t\t<div class=\"elementor-widget-container\">\n\t\t\t\t\t\t\t<div class=\"elementor-accordion\">\n\t\t\t\t\t\t\t<div class=\"elementor-accordion-item\">\n\t\t\t\t\t<h2 id=\"elementor-tab-title-2351\" class=\"elementor-tab-title\" data-tab=\"1\" role=\"button\" aria-controls=\"elementor-tab-content-2351\" aria-expanded=\"false\">\n\t\t\t\t\t\t\t\t\t\t\t\t\t<span class=\"elementor-accordion-icon elementor-accordion-icon-left\" aria-hidden=\"true\">\n\t\t\t\t\t\t\t\t\t\t\t\t\t\t\t<span class=\"elementor-accordion-icon-closed\"><i class=\"fas fa-plus\"><\/i><\/span>\n\t\t\t\t\t\t\t\t<span class=\"elementor-accordion-icon-opened\"><i class=\"fas fa-minus\"><\/i><\/span>\n\t\t\t\t\t\t\t\t\t\t\t\t\t\t<\/span>\n\t\t\t\t\t\t\t\t\t\t\t\t<a class=\"elementor-accordion-title\" tabindex=\"0\">D\u00e9roulement de l'activit\u00e9<\/a>\n\t\t\t\t\t<\/h2>\n\t\t\t\t\t<div id=\"elementor-tab-content-2351\" class=\"elementor-tab-content elementor-clearfix\" data-tab=\"1\" role=\"region\" aria-labelledby=\"elementor-tab-title-2351\"><h3><span style=\"color: #ffffff;\">Nous proposons \u00e0 votre enfant, de 4 \u00e0 12 ans, de f\u00eater son anniversaire \u00e0 la ferme avec ces amis pour une dur\u00e9e de 2h00.<\/span><\/h3>\n<h3><span style=\"color: #ffffff;\">Apr\u00e8s l&#8217;accueil et les pr\u00e9sentations dans notre salle, nous ferons ensemble une visite ludique de la ferme (vaches, veaux, poules, lapins,&nbsp; etc &#8230;). Puis, selon leurs \u00e2ges, nous proposons diff\u00e9rentes activit\u00e9s :<\/span><\/h3>\n<div><span style=\"color: #ffffff;\">&nbsp;<\/span><\/div>\n<div>\n<p><span style=\"color: #ffffff;\">&nbsp;&nbsp;&nbsp;&nbsp;&nbsp;&nbsp;&nbsp; <\/span><br><\/p>\n<h3><span style=\"color: #ffffff;\">&nbsp;&nbsp;&nbsp;&nbsp;&nbsp; \u2022 Le petit train (selon la m\u00e9t\u00e9o)<\/span><span style=\"color: #ffffff;\">&nbsp;&nbsp;&nbsp;&nbsp;&nbsp; <\/span><br><\/h3>\n<h3><span style=\"color: #ffffff;\">&nbsp;&nbsp;&nbsp;&nbsp;&nbsp; \u2022 Chasse aux tr\u00e9sors<\/span><\/h3>\n<\/div>\n<div>\n<h3><span style=\"color: #ffffff;\">&nbsp;&nbsp;&nbsp;&nbsp;&nbsp; \u2022 Jeu de la fleur<\/span><\/h3>\n<h3><span style=\"color: #ffffff;\">&nbsp;&nbsp;&nbsp;&nbsp;&nbsp; \u2022 Tracteurs \u00e0 p\u00e9dales<\/span><\/h3>\n<h3><span style=\"color: #ffffff;\">&nbsp;&nbsp;&nbsp;&nbsp;&nbsp; \u2022 Jeux d&#8217;adresse<\/span><\/h3>\n<h3><span style=\"color: #ffffff;\">&nbsp;&nbsp;&nbsp;&nbsp;&nbsp; \u2022 Jeu de l&#8217;oie<\/span><\/h3>\n<h3><span style=\"color: #ffffff;\">&nbsp;&nbsp;&nbsp;&nbsp;&nbsp; \u2022 Jeu des 5 sens<\/span><\/h3>\n<h3><span style=\"color: #ffffff;\">&nbsp;&nbsp;&nbsp;&nbsp;&nbsp; \u2022 Rallye photos<\/span><\/h3>\n<h3><span style=\"color: #ffffff;\">&nbsp;&nbsp;&nbsp;&nbsp;&nbsp; \u2022 Labyrinthe (selon la p\u00e9riode)<\/span><\/h3>\n<h3><span style=\"color: #ffffff;\">&nbsp;&nbsp;&nbsp;&nbsp;&nbsp; \u2022 Piscine de paille (selon la p\u00e9riode)<\/span><\/h3>\n<div><span style=\"color: #ffffff;\">&nbsp;<\/span><\/div>\n<\/div>\n<h3><span style=\"color: #ffffff;\">Apr\u00e8s avoir jou\u00e9, place au g\u00e2teau qui est pr\u00e9par\u00e9 par Christelle (l&#8217;agricultrice). On va pouvoir souffler les bougies et ouvrir les cadeaux des copains dans une salle que nous d\u00e9corons pour l&#8217;anniversaire.<\/span><\/h3>\n<h3><span style=\"color: #ffffff;\"><strong><em>Retour \u00e0 la maison avec des souvenirs plein la t\u00eate garantie !<\/em><\/strong><\/span><\/h3><\/div>\n\t\t\t\t<\/div>\n\t\t\t\t\t\t\t<div class=\"elementor-accordion-item\">\n\t\t\t\t\t<h2 id=\"elementor-tab-title-2352\" class=\"elementor-tab-title\" data-tab=\"2\" role=\"button\" aria-controls=\"elementor-tab-content-2352\" aria-expanded=\"false\">\n\t\t\t\t\t\t\t\t\t\t\t\t\t<span class=\"elementor-accordion-icon elementor-accordion-icon-left\" aria-hidden=\"true\">\n\t\t\t\t\t\t\t\t\t\t\t\t\t\t\t<span class=\"elementor-accordion-icon-closed\"><i class=\"fas fa-plus\"><\/i><\/span>\n\t\t\t\t\t\t\t\t<span class=\"elementor-accordion-icon-opened\"><i class=\"fas fa-minus\"><\/i><\/span>\n\t\t\t\t\t\t\t\t\t\t\t\t\t\t<\/span>\n\t\t\t\t\t\t\t\t\t\t\t\t<a class=\"elementor-accordion-title\" tabindex=\"0\">Jour et horaire<\/a>\n\t\t\t\t\t<\/h2>\n\t\t\t\t\t<div id=\"elementor-tab-content-2352\" class=\"elementor-tab-content elementor-clearfix\" data-tab=\"2\" role=\"region\" aria-labelledby=\"elementor-tab-title-2352\"><h3><span style=\"color: #ffffff;\">Pour son gouter d&#8217;anniversaire, nous recevons votre enfant et ses amis les mercredi et les samedi ainsi que pendant les vacances scolaires selon les horaire disponible.<\/span><\/h3><h4><span style=\"color: #ffffff;\">L&#8217;enfant qui f\u00eate son anniversaire, est accueille 5 minutes avant ses copains afin de pouvoir les recevoir.<\/span><\/h4><\/div>\n\t\t\t\t<\/div>\n\t\t\t\t\t\t\t<div class=\"elementor-accordion-item\">\n\t\t\t\t\t<h2 id=\"elementor-tab-title-2353\" class=\"elementor-tab-title\" data-tab=\"3\" role=\"button\" aria-controls=\"elementor-tab-content-2353\" aria-expanded=\"false\">\n\t\t\t\t\t\t\t\t\t\t\t\t\t<span class=\"elementor-accordion-icon elementor-accordion-icon-left\" aria-hidden=\"true\">\n\t\t\t\t\t\t\t\t\t\t\t\t\t\t\t<span class=\"elementor-accordion-icon-closed\"><i class=\"fas fa-plus\"><\/i><\/span>\n\t\t\t\t\t\t\t\t<span class=\"elementor-accordion-icon-opened\"><i class=\"fas fa-minus\"><\/i><\/span>\n\t\t\t\t\t\t\t\t\t\t\t\t\t\t<\/span>\n\t\t\t\t\t\t\t\t\t\t\t\t<a class=\"elementor-accordion-title\" tabindex=\"0\">Tarifs<\/a>\n\t\t\t\t\t<\/h2>\n\t\t\t\t\t<div id=\"elementor-tab-content-2353\" class=\"elementor-tab-content elementor-clearfix\" data-tab=\"3\" role=\"region\" aria-labelledby=\"elementor-tab-title-2353\"><h3><span style=\"color: #ffffff;\">Le prix demand\u00e9 pour cette activit\u00e9 est de<strong> 130 euros pour un groupe de 10 enfants<\/strong>, au del\u00e0, nous demandons 10 euros par enfant suppl\u00e9mentaire. Un acompte de 50 euros est exig\u00e9 \u00e0 la r\u00e9servation.<\/span><\/h3>\n<h4><span style=\"color: #ffffff;\">La r\u00e9servation par mail est obligatoire. Nous demandons la signature d&#8217;un contrat ainsi que les coordonn\u00e9es de l&#8217;enfant f\u00eatant son anniversaire.<\/span><\/h4>\n<h4><span style=\"color: #ffffff;\">Ce prix comprend:<\/span><\/h4>\n<div>&nbsp;<\/div>\n<h4><span style=\"color: #ffffff;\">&nbsp; &nbsp; \u2022 Le g\u00e2teau maison avec ses bougies.<\/span><\/h4>\n<h4><span style=\"color: #ffffff;\">&nbsp; &nbsp; \u2022 le jus de pomme fermier, le sirop de fruit.<\/span><\/h4>\n<h4><span style=\"color: #ffffff;\">&nbsp;&nbsp;&nbsp; \u2022 un sachet de bonbon par enfant.<\/span><\/h4>\n<h4><span style=\"color: #ffffff;\">&nbsp;&nbsp;&nbsp; \u2022 La plaquette d&#8217;invitation.<\/span><\/h4>\n<h4><span style=\"color: #ffffff;\">&nbsp;&nbsp;&nbsp; \u2022 Le plan d\u2019acc\u00e8s \u00e0 la ferme.<\/span><\/h4>\n<h4><span style=\"color: #ffffff;\">&nbsp;&nbsp;&nbsp; \u2022 Accueil dans une salle d\u00e9cor\u00e9e et chauff\u00e9e afin d&#8217;accueillir toute l&#8217;ann\u00e9e.<\/span><\/h4>\n<p><\/p><\/div>\n\t\t\t\t<\/div>\n\t\t\t\t\t\t\t<div class=\"elementor-accordion-item\">\n\t\t\t\t\t<h2 id=\"elementor-tab-title-2354\" class=\"elementor-tab-title\" data-tab=\"4\" role=\"button\" aria-controls=\"elementor-tab-content-2354\" aria-expanded=\"false\">\n\t\t\t\t\t\t\t\t\t\t\t\t\t<span class=\"elementor-accordion-icon elementor-accordion-icon-left\" aria-hidden=\"true\">\n\t\t\t\t\t\t\t\t\t\t\t\t\t\t\t<span class=\"elementor-accordion-icon-closed\"><i class=\"fas fa-plus\"><\/i><\/span>\n\t\t\t\t\t\t\t\t<span class=\"elementor-accordion-icon-opened\"><i class=\"fas fa-minus\"><\/i><\/span>\n\t\t\t\t\t\t\t\t\t\t\t\t\t\t<\/span>\n\t\t\t\t\t\t\t\t\t\t\t\t<a class=\"elementor-accordion-title\" tabindex=\"0\">S\u00e9curit\u00e9<\/a>\n\t\t\t\t\t<\/h2>\n\t\t\t\t\t<div id=\"elementor-tab-content-2354\" class=\"elementor-tab-content elementor-clearfix\" data-tab=\"4\" role=\"region\" aria-labelledby=\"elementor-tab-title-2354\"><h3><span style=\"color: #ffffff;\">Durant la prestation, nous demandons<strong> la pr\u00e9sence d&#8217;un seul parent<\/strong> de l&#8217;enfant f\u00eatant son anniversaire. Ceci pour aider Christelle \u00e0 la surveillance des enfants durant la prestation.<\/span><\/h3><\/div>\n\t\t\t\t<\/div>\n\t\t\t\t\t\t\t\t<\/div>\n\t\t\t\t\t\t<\/div>\n\t\t\t\t<\/div>\n\t\t\t\t\t<\/div>\n\t\t<\/div>\n\t\t\t\t\t<\/div>\n\t\t<\/section>\n\t\t\t\t<\/div>\n\t\t","protected":false},"excerpt":{"rendered":"<p>\u00a0 Venez d\u00e9couvrir la vie de la ferme toute l&#8217;ann\u00e9e en f\u00eatant l\u2019anniversaire de votre enfant. Il pourra, avec ses amis, devenir de vrais petits fermiers. D\u00e9roulement de l&#8217;activit\u00e9 Nous proposons \u00e0 votre enfant, de 4 \u00e0 12 ans, de f\u00eater son anniversaire \u00e0 la ferme avec ces amis pour une dur\u00e9e de 2h00. Apr\u00e8s [&hellip;]<\/p>\n","protected":false},"author":1,"featured_media":0,"parent":0,"menu_order":0,"comment_status":"closed","ping_status":"closed","template":"","meta":{"footnotes":""},"class_list":["post-22","page","type-page","status-publish","hentry","entry"],"_links":{"self":[{"href":"https:\/\/lafermelheureux.fr\/index.php\/wp-json\/wp\/v2\/pages\/22","targetHints":{"allow":["GET"]}}],"collection":[{"href":"https:\/\/lafermelheureux.fr\/index.php\/wp-json\/wp\/v2\/pages"}],"about":[{"href":"https:\/\/lafermelheureux.fr\/index.php\/wp-json\/wp\/v2\/types\/page"}],"author":[{"embeddable":true,"href":"https:\/\/lafermelheureux.fr\/index.php\/wp-json\/wp\/v2\/users\/1"}],"replies":[{"embeddable":true,"href":"https:\/\/lafermelheureux.fr\/index.php\/wp-json\/wp\/v2\/comments?post=22"}],"version-history":[{"count":44,"href":"https:\/\/lafermelheureux.fr\/index.php\/wp-json\/wp\/v2\/pages\/22\/revisions"}],"predecessor-version":[{"id":270,"href":"https:\/\/lafermelheureux.fr\/index.php\/wp-json\/wp\/v2\/pages\/22\/revisions\/270"}],"wp:attachment":[{"href":"https:\/\/lafermelheureux.fr\/index.php\/wp-json\/wp\/v2\/media?parent=22"}],"curies":[{"name":"wp","href":"https:\/\/api.w.org\/{rel}","templated":true}]}}